{"id":2669,"date":"2020-08-27T16:09:48","date_gmt":"2020-08-27T16:09:48","guid":{"rendered":"http:\/\/www.americanlinguistics.org\/?page_id=2669"},"modified":"2020-08-27T18:10:49","modified_gmt":"2020-08-27T18:10:49","slug":"interpretation","status":"publish","type":"page","link":"https:\/\/www.americanlinguistics.org\/?page_id=2669","title":{"rendered":"Interpretation"},"content":{"rendered":"<p><meta charset=\"UTF-8\"><\/p>\n<h6>Issues of philological interpretation<\/h6>\n<p>The texts (McQuown 1971) appear in the form of a database as shown in (1).<\/p>\n<table class=\"tighttable\">\n<tbody>\n<tr>\n<td>(1)<\/td>\n<td colspan=\"2\">IBM codification<\/td>\n<\/tr>\n<tr>\n<td><\/td>\n<td>a.<\/td>\n<td>&amp;TO MAT|7AK|$|NI|I&#8217;| $|7AN|QUU&#8217;| PA$|TA|XUU|NAN|QUU&#8217;|<\/td>\n<\/tr>\n<tr>\n<td><\/td>\n<td><\/td>\n<td>PA$|NI&#8217;7| , N|AA|L&#8217;|$|TU|KUT|QUU&#8217;| . &amp;ID (2.6.) &amp;=SP DIZQUE<\/td>\n<\/tr>\n<tr>\n<td><\/td>\n<td><\/td>\n<td> CUANDO SE IBAN A METERSE A BAN&#8217;AR LOS PUERCOS ,<\/td>\n<\/tr>\n<tr>\n<td><\/td>\n<td><\/td>\n<td>YA NO SE SALI&#8217;AN ( DEL AGUA ) . &amp;\/<\/td>\n<\/tr>\n<tr>\n<td><\/td>\n<\/tr>\n<tr>\n<td><\/td>\n<td>b.<\/td>\n<td>&amp;TO WAN|QUU&#8217;| PII|NII|4AAN|H|$|WA|NII&#8217;T| . &amp;ID (2.2.) &amp;=SP<\/td>\n<\/tr>\n<tr>\n<td><\/td>\n<td><\/td>\n<td>DICEN QUE NO ERA BUENO . &amp;\/<\/td>\n<\/tr>\n<tr>\n<td><\/td>\n<\/tr>\n<tr>\n<td><\/td>\n<td>c.<\/td>\n<td>&amp;TO WA|A&#8217;| TUU| $|WA&#8217;N| PAALI&#8217;|, 4AAN|H|NII|4AA&#8217;N|, WA|A&#8217;|<\/td>\n<\/tr>\n<tr><\/tr>\n<tr>\n<td><\/td>\n<td><\/td>\n<td>$|LA&#8217;|Y &amp;ID (11.9) &amp;=SP LO QUE DIJERAN LOS PADRES,<\/td>\n<\/tr>\n<tr>\n<td><\/td>\n<td><\/td>\n<td>CON RAZO&#8217;N O SIN ELLA, (SU DICHO) SE CUMPLI&#8217;A &amp;\/<\/td>\n<\/tr>\n<\/tbody>\n<\/table>\n<p>Once consistent changes are applied, the lines look like (2). The texts, as the reader can observe in (1), are bilingual Totonac-Spanish. The English translation is mine.<\/p>\n<table class=\"tighttable\">\n<tbody>\n<tr>\n<td>(2)<\/td>\n<td>a.<\/td>\n<td>mat|\u0294ak|\u0161|ni|\u00ed| \u0161|\u0294an|q\u00fa\u02d0| pa\u0161|ta|xu\u02d0|nan|q\u00fa\u02d0| pa\u0161|n\u00ed\u0294|_, n|a\u02d0|\u026c|\u0161|tu|kut|q\u00fa\u02d0|_.<\/td>\n<\/tr>\n<tr>\n<td><\/td>\n<td><\/td>\n<td>\u2018dizque cuando se iban a meterse a ba\u00f1ar los puercos_, ya no se sal\u00edan (del agua)_.\u2019 [2.6]<\/td>\n<\/tr>\n<tr>\n<td><\/td>\n<td><\/td>\n<td>\u2018it is said that when the pigs went in to bathe, they didn\u2019t come out of the water anymore.\u2019<\/td>\n<\/tr>\n<tr>\n<td><\/td>\n<\/tr>\n<tr>\n<td><\/td>\n<td>b.<\/td>\n<td>wan|q\u00fa\u02d0 pi\u02d0|ni\u02d0|\u03bba\u02d0n|h|\u0161|wan|\u00ed\u02d0t_.<\/td>\n<\/tr>\n<tr>\n<td><\/td>\n<td><\/td>\n<td>\u2018Dicen que no era bueno._\u2019 [2.2]<\/td>\n<\/tr>\n<tr>\n<td><\/td>\n<td><\/td>\n<td>\u2018They say that he was not good.\u2019<\/td>\n<\/tr>\n<tr>\n<td><\/td>\n<\/tr>\n<tr>\n<td><\/td>\n<td>c.<\/td>\n<td>wa|\u00e1| tuu| \u0161|w\u00e1n| pa\u02d0l\u00ed|_, \u03bba\u02d0n|h|ni\u02d0|\u03bb\u00e1\u02d0n|_, wa|\u00e1| \u0161|l\u00e1|y<\/td>\n<\/tr>\n<tr>\n<td><\/td>\n<td><\/td>\n<td>\u2018lo que dijeran los padres, con raz\u00f3n o sin ella, (su dicho) se cumpl\u00eda.\u2019[11.9]<\/td>\n<\/tr>\n<tr>\n<td><\/td>\n<td><\/td>\n<td>\u2018whatever the priests said, right or wrong, it was complied with.\u2019<\/td>\n<\/tr>\n<\/tbody>\n<\/table>\n<p>McQuown\u2019s analysis of the language is implicit in this system of graphic representation\u2014the white spaces, the blank space before periods or commas, the graphic stress marks, and the vertical lines in (2).<\/p>\n<p>In my own interpretation of the texts, I have departed from McQuown\u2019s use of vertical lines, which, from a contemporary standpoint, imply the conflation of different levels of analysis and, quite often results in  hypersegmentation, well beyond a synchronic morphemic analysis. The vertical lines in (2) separate items that are not homogeneous, sometimes the segments represent morphemes but sometimes they indicate postlexical prosodic processes. In (3), I gloss two small stretches of the examples in (2), providing a second line with the phonetic representation, a third line with the underlying phonological and morpho-syntactic representation, to show what I mean.<\/p>\n<table class=\"tighttable\">\n<tbody>\n<tr>\n<td>(3)<\/td>\n<td>a.<\/td>\n<td><i>wa<\/i>|<i>\u00e1<\/i>|<\/td>\n<\/tr>\n<tr>\n<td><\/td>\n<td><\/td>\n<td>[wa\u02d0\u02d0]<\/td>\n<\/tr>\n<tr>\n<td><\/td>\n<td><\/td>\n<td>\/wa\u0294\/<\/td>\n<\/tr>\n<tr>\n<td><\/td>\n<td><\/td>\n<td>\u2018that\u2019<\/td>\n<\/tr>\n<tr>\n<td><\/td>\n<\/tr>\n<tr>\n<td><\/td>\n<td>b.<\/td>\n<td colspan=\"2\"><i>\u03bba\u02d0n<\/i>|<i>h<\/i>|<i>\u0161<\/i>|<i>wan<\/i>|<i>\u00ed\u02d0t<\/i><\/td>\n<\/tr>\n<tr>\n<td><\/td>\n<td><\/td>\n<td colspan=\"2\">[t\u026c\u00e0\u02d0nn\u0325\u0161wun\u00ed\u02d0t]<\/td>\n<\/tr>\n<tr>\n<td><\/td>\n<td><\/td>\n<td>\/\u03bba\u02d0n<\/td>\n<td>\u0161\u2013wan\u2013ni\u02d0t\/<\/td>\n<\/tr>\n<tr>\n<td><\/td>\n<td><\/td>\n<td>good<\/td>\n<td><small>PST<\/small>\u2013be\u2013<small>PF<\/small><\/td>\n<\/tr>\n<tr>\n<td><\/td>\n<td><\/td>\n<td colspan=\"2\">\u2018was good\u2019<\/td>\n<\/tr>\n<\/tbody>\n<\/table>\n<p>In (3a), the second \u201ca\u201d does not represent a morpheme or a segment, it represents instead a phonetic lengthening of vowels that occur at the end of Accentual Phrases (AP) that in medial position within Intonational Phrases (IP). What is represented as \u201c|<i>\u00e1<\/i>|\u201d is clearly not a morpheme. CTot has both long and short phonemic vowels. However, a prosodically lengthened long vowel measures more than double the duration of the same long vowel (in the same lexical item) in a context without the prosodic lengthening; the phonetic fluctuation of vowel duration is far more intricate than that, though, because the phonetic duration of both phonemically short and long vowels depends both on the foot structure and the larger prosodic contexts (see Levy and Hern\u00e1ndez\u2011Green 2018).<\/p>\n<p>In (3b), the \u201c|<i>h<\/i>|\u201d in McQuown\u2019s representation indicates a process of lengthening and devoicing of resonant consonants (at the end of Lexes that are in medial position within Accentual Phrases). Again, this \u201csegment\u201d is not a morpheme, it represents the output of a postlexical prosodic process.<\/p>\n<p>The morphemic analysis intended by the vertical lines hypersegments from the point of view of contemporary practice. Consider, for instance (4), taken from (2a):<\/p>\n<table class=\"tighttable\">\n<tbody>\n<tr>\n<td>(4)<\/td>\n<td><i>\u0294ak<\/i>|<i>\u0161<\/i>|<i>ni<\/i>|<i>\u00ed<\/i>|<\/td>\n<\/tr>\n<tr>\n<td><\/td>\n<td>\u2018when\u2019<\/td>\n<\/tr>\n<\/tbody>\n<\/table>\n<p>McQuown gives four \u201csegments\u201d for this word, since elsewhere in the grammar the partial forms correspond to either productive morphemes or are segmentations consistently recognized in the lexicon even though synchronically they do not represent either productive or transparent processes anymore. The first one is <i>\u0294ak-<\/i>, elsewhere in the language a body-part prefix denoting \u2018head\u2019. In fact, McQuown systematically encloses any sequence \/\u0294ak\/ in two vertical bars, irrespective of lexical context; we might speculate that this was his hypothesis of the historical source. The second element enclosed in vertical bars is <i>\u0161<\/i>-, which in many other contexts appears in sound-symbolic alternations of \/<i>s~\u0161~\u026c<\/i>\/, graded for intensity, endearment, etc.<a id=\"FootnoteRef2\"><\/a><a class=\"note\" href=\"#fn1\" id=\"nref1\">\u00b9<\/a> The third element, &#8211;<i>ni<\/i>, has the shape of a very frequent nominalizer. And, finally, \/<i>i<\/i>\/ represents the AP-final, IP-medial prosodic lengthening. It is clear that the synchronic meaning \u2018when\u2019 cannot derive compositionally from its putative components, so this combination is completely lexicalized. The morphological analysis in the annotation of the texts presented here is my own.<\/p>\n<p>Most puzzling was that the strings that McQuown wrote in between blanks are not homogenous from the point of view of their lexical components. Some are monosyllabic words. Others are polysyllabic, but recognizably single words. However, many of them are clearly phrases, composed of several items that are each words by morphosyntactic criteria, as in (5a) from (2b) and (5b) from (2c):<\/p>\n<table class=\"tighttable\">\n<tbody>\n<tr>\n<td>(5)<\/td>\n<td>a.<\/td>\n<td>wan|q\u00fa\u02d0<\/td>\n<td colspan=\"4\">pi\u02d0|ni\u02d0|\u03bba\u02d0n|h|\u0161|wan|\u00ed\u02d0t<\/td>\n<\/tr>\n<tr>\n<td><\/td>\n<td><\/td>\n<td>wan\u2013qu\u02d0<\/td>\n<td>pi\u02d0<\/td>\n<td>ni\u02d0<\/td>\n<td>\u03bba\u02d0n<\/td>\n<td>\u0161\u2013wan\u2013ni\u02d0t<\/td>\n<\/tr>\n<tr>\n<td><\/td>\n<td><\/td>\n<td>say\u2013<small>PL.PRT<\/small><\/td>\n<td>that<\/td>\n<td><small>NEG<\/small><\/td>\n<td>good<\/td>\n<td><small>PST<\/small>\u2013be\u2013<small>PF<\/small><\/td>\n<\/tr>\n<tr>\n<td><\/td>\n<td><\/td>\n<td colspan=\"4\">\u2018they say that it was not good\u2019<\/td>\n<\/tr>\n<tr>\n<td colspan=\"4\"><\/td>\n<\/tr>\n<tr>\n<td>(5)<\/td>\n<td>b.<\/td>\n<td colspan=\"4\">\u03bba\u02d0n|h|ni\u02d0|\u03bb\u00e1\u02d0n|<\/td>\n<\/tr>\n<tr>\n<td><\/td>\n<td><\/td>\n<td>\u03bba\u02d0n<\/td>\n<td>ni\u02d0<\/td>\n<td>\u03bba\u02d0n<\/td>\n<\/tr>\n<tr>\n<td><\/td>\n<td><\/td>\n<td>good<\/td>\n<td><small>NEG<\/small><\/td>\n<td>good<\/td>\n<\/tr>\n<tr>\n<td><\/td>\n<td><\/td>\n<td colspan=\"4\">\u2018good or not good\u2019<\/td>\n<\/tr>\n<\/tbody>\n<\/table>\n<p>At first glance, one might think that McQuown wrote elements like the subordinator <i>pi\u02d0<\/i>, or the negation <i>ni\u02d0<\/i>, attached to what follows because he considered them proclitics. That is certainly one possible criterion for writing. Analysis of the audio was necessary to test whether this was a tenable hypothesis. It was not. Besides being clearly morphosyntactic words, they are also phonological words. In Levy and Hern\u00e1ndez-Green (in press) we show that the phonological word in CTot is defined as the domain of foot formation, the domain of the main accent and, under well defined conditions, of the secondary accent. Components like the subordinator <i>pi\u02d0<\/i>, or the negation <i>ni\u02d0<\/i> are their own domain of foot formation and of primary stress.<\/p>\n<p>Aside from elements that could be thought of as clitics, it was apparent from cursory inspection that many of the sequences between blank spaces contain several lexemes belonging to content-word classes. (5a) contains a sequence of the adjective <i>\u03bba\u02d0n<\/i> \u2018good\u2019 followed by the inflected copula, <i>\u0161\u2013wan\u2013ni\u02d0t<\/i>, which starts with the outermost prefix of a verbal word, the past tense prefix <i>\u0161-<\/i>; the copula, therefore, is not an affix or the second element of a (typical) compound. By morphosyntactic criteria (5a) has four words: <i>pi\u02d0 ni\u02d0 \u03bba\u02d0n \u0161wan\u00ed\u02d0t <\/i>(that_neg_good_he.had.become). (6) shows a more extreme example of another copular construction, a subordinated nominal predication, written as one sequence, without any medial blank spaces (\u201c_\u201d).<\/p>\n<table class=\"tighttable\">\n<tbody>\n<tr>\n<td>(6)<\/td>\n<td colspan=\"6\">_ma\u02d0skina\u02d0ni\u02d0lakwanhlak\u00a2amaxanh\u0161wanqu\u02d0n\u00ed\u02d0t_<\/td>\n<\/tr>\n<tr>\n<td><\/td>\n<td>ma\u02d0ski<\/td>\n<td>na\u02d0<\/td>\n<td>ni\u02d0<\/td>\n<td>lakwan<\/td>\n<td>lak\u2013\u00a2amaxan<\/td>\n<td>\u0161\u2013wan\u2013qu\u02d0\u2013ni\u02d0t<\/td>\n<\/tr>\n<tr>\n<td><\/td>\n<td>although<\/td>\n<td>also<\/td>\n<td><small>NEG<\/small><\/td>\n<td>best<\/td>\n<td><small>PL<\/small>\u2013girls<\/td>\n<td><small>PST<\/small>\u2013be\u2013<small>PL.PRT<\/small>&#8211;<small>PF<\/small><\/td>\n<\/tr>\n<tr>\n<td><\/td>\n<td colspan=\"6\">\u2018although also they were not the best girls (of their town)\u2019 (Mc 8.42)<\/td>\n<\/tr>\n<\/tbody>\n<\/table>\n<p>Notice that there is only one graphic stress mark in the first line of (6). Furthermore, it is not only the case that there are sequences of 13 syllables between blank spaces bearing only one graphic stress mark, but the stress mark also appears in monosyllabic sequences between blanks. For instance, the first and third sequences between blanks in (2c), <i>wa\u00e1<\/i> \/wa\u0294\/ \u2018that\u2019, and <i>\u0161w\u00e1n<\/i> \/\u0161\u2013wan-ya\u02d0\/ pst\u2013say\u2013pfv \u2018he said\u2019. Whatever the stress diacritic was meant to represent, it furnishes a consistent graphic clue in McQuown\u2019s representation: there is one per sequence between blanks, with a few lexical exceptions. The major puzzle was what had been McQuown\u2019s criteria for the blank spaces in his graphic representation.<\/p>\n<p>The short answer to the conundrum is that McQuown transcribed using segmental phonological clues to the exclusion of everything else. CTot has a host of postlexical segmental boundary phenomena that signal four levels of its prosodic hierarchy, and McQuown devised a graphic representation that quite elegantly conflates the four in one line (see Levy 2015). He put blanks at one of these prosodic levels, recognizable among other things by the epenthesis of a nasal if the sequence starts with an obstruent consonant, and by a prosodic lengthening of a final vowel when the sequence ends in a vowel. Both the epenthetic nasals and the prosodically lengthened vowels are perceptually very prominent. While McQuown defines the stretch between blanks as the <i>word<\/i>, a <i>phonological<\/i> unit of CTot (1990:93), in prosodic terms it is rather akin to the level of the Accentual Phrase (Jun 1998; Igarashi 2014).<\/p>\n<p>Two factors may have lead McQuown to choose such a representation: 1) having trained with a heavy emphasis on Indo-European, he must have been conversant with Sanskrit sandhi processes and, therefore, he was sensitized such phenomena; 2) even though phonologists of the era discussed juncture phenomena a lot (Aronoff 1980), the late thirties and early forties of the last century were a time in which phonology was considered an autonomous component of language, to be described prior to and <i>independently<\/i> of morphosyntax. So methodologically he could not appeal to what today we would call the morphosyntactic word. McQuown took the segmental phenomena that define the Accentual Phrase as his cue to put in blanks. Furthermore, from the examination of a printout of the IBM texts proofread by McQuown, it was clear that he insisted on the low dash before commas and periods, inserting it by hand whenever it was missing. So the blank spaces before punctuation marks were clearly meaningful. And, in fact, they signal phonological processes that define the domain of the Intonational Phrase.<\/p>\n<p>The collection furnishes a corpus that is implicitly marked for the prosodic domains of the language. I present the texts here with one line added to the traditional interlinearized format, the second line in which I make McQuown\u2019s implicit prosodic analysis explicit for the reader.<\/p>\n<div class=\"notes\">Notes<\/div>\n<div class=\"footnotes\">\n<ol>\n<li id=\"fn1\">\n                                               Sound symbolism is pervasive in Totonac-Tepehua languages, and it has been noted and sometimes described for languages in all branches of the family, Levy 1987:115-130, for Papantla Totonac; Bishop 1984, for Xicotepec de Ju\u00e1rez Totonac; McQuown 1990:66, for Coatepec Totonac; MacKay 1999:113-114, for Misantla Totonac; Beck 2008 for Upper Necaxa Totonac; McFarland 2009:62-66 for Filomeno Mata Totonac; Watters 1980, for Tlachichilco Tepehua; Smythe Kung 2006, for Huehuetla Tepehua.<br \/>\n<a href=\"#nref1\">[back]<\/a><\/li>\n<\/ol>\n<\/div>\n","protected":false},"excerpt":{"rendered":"<p>Issues of philological interpretation The texts (McQuown 1971) appear in the form of a database as shown in (1). (1) IBM codification a. &amp;TO MAT|7AK|$|NI|I&#8217;| $|7AN|QUU&#8217;| PA$|TA|XUU|NAN|QUU&#8217;| PA$|NI&#8217;7| , N|AA|L&#8217;|$|TU|KUT|QUU&#8217;| . &amp;ID (2.6.) &amp;=SP DIZQUE CUANDO SE IBAN A METERSE A BAN&#8217;AR LOS PUERCOS , YA NO SE SALI&#8217;AN ( DEL AGUA ) . &amp;\/ &hellip; <a href=\"https:\/\/www.americanlinguistics.org\/?page_id=2669\" class=\"more-link\">Continue reading <span class=\"screen-reader-text\">Interpretation<\/span> <span class=\"meta-nav\">&rarr;<\/span><\/a><\/p>\n","protected":false},"author":1,"featured_media":0,"parent":2658,"menu_order":2,"comment_status":"closed","ping_status":"closed","template":"page-templates\/textsOnLine.php","meta":{"_exactmetrics_skip_tracking":false,"_exactmetrics_sitenote_active":false,"_exactmetrics_sitenote_note":"","_exactmetrics_sitenote_category":0,"footnotes":""},"class_list":["post-2669","page","type-page","status-publish","hentry"],"_links":{"self":[{"href":"https:\/\/www.americanlinguistics.org\/index.php?rest_route=\/wp\/v2\/pages\/2669","targetHints":{"allow":["GET"]}}],"collection":[{"href":"https:\/\/www.americanlinguistics.org\/index.php?rest_route=\/wp\/v2\/pages"}],"about":[{"href":"https:\/\/www.americanlinguistics.org\/index.php?rest_route=\/wp\/v2\/types\/page"}],"author":[{"embeddable":true,"href":"https:\/\/www.americanlinguistics.org\/index.php?rest_route=\/wp\/v2\/users\/1"}],"replies":[{"embeddable":true,"href":"https:\/\/www.americanlinguistics.org\/index.php?rest_route=%2Fwp%2Fv2%2Fcomments&post=2669"}],"version-history":[{"count":3,"href":"https:\/\/www.americanlinguistics.org\/index.php?rest_route=\/wp\/v2\/pages\/2669\/revisions"}],"predecessor-version":[{"id":2674,"href":"https:\/\/www.americanlinguistics.org\/index.php?rest_route=\/wp\/v2\/pages\/2669\/revisions\/2674"}],"up":[{"embeddable":true,"href":"https:\/\/www.americanlinguistics.org\/index.php?rest_route=\/wp\/v2\/pages\/2658"}],"wp:attachment":[{"href":"https:\/\/www.americanlinguistics.org\/index.php?rest_route=%2Fwp%2Fv2%2Fmedia&parent=2669"}],"curies":[{"name":"wp","href":"https:\/\/api.w.org\/{rel}","templated":true}]}}